{"id":100,"date":"2015-01-30T10:31:44","date_gmt":"2015-01-30T09:31:44","guid":{"rendered":"http:\/\/pfeil-wirth.de\/?page_id=100"},"modified":"2024-10-20T11:23:49","modified_gmt":"2024-10-20T09:23:49","slug":"aktuelles","status":"publish","type":"page","link":"http:\/\/pfeil-wirth.de\/?page_id=100","title":{"rendered":"Termine &#038; Ablauf"},"content":{"rendered":"<p>Die Behandlung in der <strong>Praxis f\u00fcr Psychotherapie Magdalena Pfeil-Wirth<\/strong> ist nur nach vorheriger Terminvereinbarung m\u00f6glich.<\/p>\n<p><span style=\"text-decoration: underline; color: #00ccff;\">Terminvereinbarung:<\/span><\/p>\n<ul>\n<li><span style=\"color: #00ccff;\">montags bis donnerstags von 14:00 Uhr bis 15:00 Uhr unter Telefon 02202 4603491<\/span><\/li>\n<\/ul>\n<p>Nach telefonischer Vereinbarung erfolgt ein erstes Gespr\u00e4ch (Psychotherapeutische Sprechstunde), in dem gekl\u00e4rt wird, ob und welche Behandlung Sie ben\u00f6tigen.<\/p>\n<p>Die Kosten f\u00fcr die in meiner Praxis angebotenen Behandlungsverfahren seelisch bedingter und mitbedingter Erkrankungen werden in der Regel von allen privaten und gesetzlichen Krankenkassen \u00fcbernommen. Voraussetzung f\u00fcr die Kosten\u00fcbernahme ist die sogenannte &#8222;medizinische Indikation&#8220;, das hei\u00dft die Feststellung einer Notwendigkeit zur Behandlung nach vorausgegangener Untersuchung und Diagnosestellung bei ausreichend guter Aussicht auf Erfolg der Behandlung. Daher erfolgen zun\u00e4chst Sitzungen f\u00fcr die Diagnostik und Therapieplanung vor einer Antragstellung auf Kosten\u00fcbernahme durch die Krankenkasse.\u00a0Selbstverst\u00e4ndlich k\u00f6nnen Sie sich dar\u00fcber hinaus als Selbstzahler behandeln lassen.<\/p>\n<p>&nbsp;<\/p>\n<p>&nbsp;<\/p>\n","protected":false},"excerpt":{"rendered":"<p>Die Behandlung in der Praxis f\u00fcr Psychotherapie Magdalena Pfeil-Wirth ist nur nach vorheriger Terminvereinbarung m\u00f6glich. Terminvereinbarung: montags bis donnerstags von 14:00 Uhr bis 15:00 Uhr unter Telefon 02202 4603491 Nach telefonischer Vereinbarung erfolgt ein erstes Gespr\u00e4ch (Psychotherapeutische Sprechstunde), in dem gekl\u00e4rt wird, ob und welche Behandlung Sie ben\u00f6tigen. Die Kosten f\u00fcr die in meiner Praxis&hellip; <br \/> <a class=\"read-more\" href=\"http:\/\/pfeil-wirth.de\/?page_id=100\">Weiterlesen<\/a><\/p>\n","protected":false},"author":1,"featured_media":0,"parent":0,"menu_order":4,"comment_status":"closed","ping_status":"closed","template":"","meta":{"footnotes":""},"class_list":["post-100","page","type-page","status-publish","hentry"],"_links":{"self":[{"href":"http:\/\/pfeil-wirth.de\/index.php?rest_route=\/wp\/v2\/pages\/100","targetHints":{"allow":["GET"]}}],"collection":[{"href":"http:\/\/pfeil-wirth.de\/index.php?rest_route=\/wp\/v2\/pages"}],"about":[{"href":"http:\/\/pfeil-wirth.de\/index.php?rest_route=\/wp\/v2\/types\/page"}],"author":[{"embeddable":true,"href":"http:\/\/pfeil-wirth.de\/index.php?rest_route=\/wp\/v2\/users\/1"}],"replies":[{"embeddable":true,"href":"http:\/\/pfeil-wirth.de\/index.php?rest_route=%2Fwp%2Fv2%2Fcomments&post=100"}],"version-history":[{"count":44,"href":"http:\/\/pfeil-wirth.de\/index.php?rest_route=\/wp\/v2\/pages\/100\/revisions"}],"predecessor-version":[{"id":463,"href":"http:\/\/pfeil-wirth.de\/index.php?rest_route=\/wp\/v2\/pages\/100\/revisions\/463"}],"wp:attachment":[{"href":"http:\/\/pfeil-wirth.de\/index.php?rest_route=%2Fwp%2Fv2%2Fmedia&parent=100"}],"curies":[{"name":"wp","href":"https:\/\/api.w.org\/{rel}","templated":true}]}}